{"id":14122,"date":"2026-04-24T07:48:48","date_gmt":"2026-04-24T07:48:48","guid":{"rendered":"https:\/\/curatedpicks.shop\/?post_type=product&#038;p=14122"},"modified":"2026-04-24T07:51:13","modified_gmt":"2026-04-24T07:51:13","slug":"baliza-de-emergencia-v16-obligatorio-2026","status":"publish","type":"product","link":"https:\/\/curatedpicks.shop\/es\/producto\/baliza-de-emergencia-v16-obligatorio-2026\/","title":{"rendered":"Baliza de emergencia v16 obligatorio 2026"},"content":{"rendered":"<div data-elementor-type=\"product-post\" data-elementor-id=\"14122\" class=\"elementor elementor-14122\" data-elementor-post-type=\"product\">\n\t\t\t\t<div class=\"elementor-element elementor-element-58854b84 e-flex e-con-boxed e-con e-parent\" data-id=\"58854b84\" data-element_type=\"container\" data-e-type=\"container\" data-settings=\"{&quot;ekit_has_onepagescroll_dot&quot;:&quot;yes&quot;}\">\n\t\t\t\t\t<div class=\"e-con-inner\">\n\t\t<div class=\"elementor-element elementor-element-524eba59 e-grid e-con-full e-con e-child\" data-id=\"524eba59\" data-element_type=\"container\" data-e-type=\"container\" data-settings=\"{&quot;ekit_has_onepagescroll_dot&quot;:&quot;yes&quot;}\">\n\t\t\t\t<div class=\"elementor-element elementor-element-33ad6903 elementor-widget elementor-widget-video\" data-id=\"33ad6903\" data-element_type=\"widget\" data-e-type=\"widget\" data-settings=\"{&quot;video_type&quot;:&quot;hosted&quot;,&quot;controls&quot;:&quot;yes&quot;,&quot;ekit_we_effect_on&quot;:&quot;none&quot;}\" data-widget_type=\"video.default\">\n\t\t\t\t<div class=\"elementor-widget-container\">\n\t\t\t\t\t\t\t<div class=\"e-hosted-video elementor-wrapper elementor-open-inline\">\n\t\t\t\t\t<video class=\"elementor-video\" src=\"https:\/\/curatedpicks.shop\/wp-content\/uploads\/2026\/04\/video_2026-03-30_10-44-28.mp4\" controls=\"\" preload=\"metadata\" controlslist=\"nodownload\"><\/video>\n\t\t\t\t<\/div>\n\t\t\t\t\t\t<\/div>\n\t\t\t\t<\/div>\n\t\t\t\t<div class=\"elementor-element elementor-element-57f8ca93 elementor-widget elementor-widget-text-editor\" data-id=\"57f8ca93\" data-element_type=\"widget\" data-e-type=\"widget\" data-settings=\"{&quot;ekit_we_effect_on&quot;:&quot;none&quot;}\" data-widget_type=\"text-editor.default\">\n\t\t\t\t<div class=\"elementor-widget-container\">\n\t\t\t\t\t\t\t\t\t<div class=\"elementor-widget-container\">\n    # Features &#038; Specs\n\n<div class=\"product-table\">\n  <div class=\"product-row\">\n    <div class=\"product-label\">Specific Uses For Product<\/div>\n    <div class=\"product-value\">Strobe Lights<\/div>\n  <\/div>\n  <div class=\"product-row\">\n    <div class=\"product-label\"><strong>Light Source<\/strong><\/div>\n    <div class=\"product-value\"><strong>LED<\/strong><\/div>\n  <\/div>\n  <div class=\"product-row\">\n    <div class=\"product-label\"><strong>Compatible with Vehicle Type<\/strong><\/div>\n    <div class=\"product-value\"><strong>Car<\/strong><\/div>\n  <\/div>\n  <div class=\"product-row\">\n    <div class=\"product-label\"><strong>Special Features<\/strong><\/div>\n    <div class=\"product-value\"><strong>Geolocation, DGT 3.0 Connection, 12+ Year Data Plan, Visibility 1 km, IP54<\/strong><\/div>\n  <\/div>\n  <div class=\"product-row\">\n    <div class=\"product-label\"><strong>Auto Part Position<\/strong><\/div>\n    <div class=\"product-value\"><strong>Unknown<\/strong><\/div>\n  <\/div>\n<\/div>\n\n<style>\n.product-table {\n  width: 100%;\n  border-top: 1px solid #000;\n  font-family: Arial, sans-serif;\n}\n\n.product-row {\n  display: flex;\n  border-bottom: 1px solid #000;\n  padding: 12px 0;\n}\n\n.product-label {\n  flex: 1;\n  font-weight: bold;\n  min-width: 200px;\n  padding-right: 20px;\n}\n\n.product-value {\n  flex: 1;\n  min-width: 200px;\n}\n<\/style>\n<\/div>\t\t\t\t\t\t\t\t<\/div>\n\t\t\t\t<\/div>\n\t\t\t\t<\/div>\n\t\t\t\t\t<\/div>\n\t\t\t\t<\/div>\n\t\t<div class=\"elementor-element elementor-element-69ee79d2 e-flex e-con-boxed e-con e-parent\" data-id=\"69ee79d2\" data-element_type=\"container\" data-e-type=\"container\" data-settings=\"{&quot;ekit_has_onepagescroll_dot&quot;:&quot;yes&quot;}\">\n\t\t\t\t\t<div class=\"e-con-inner\">\n\t\t\t\t<div class=\"elementor-element elementor-element-7285fc11 elementor--h-position-center elementor--v-position-middle elementor-arrows-position-inside elementor-pagination-position-inside elementor-widget elementor-widget-slides\" data-id=\"7285fc11\" data-element_type=\"widget\" data-e-type=\"widget\" data-settings=\"{&quot;navigation&quot;:&quot;both&quot;,&quot;autoplay&quot;:&quot;yes&quot;,&quot;pause_on_hover&quot;:&quot;yes&quot;,&quot;pause_on_interaction&quot;:&quot;yes&quot;,&quot;autoplay_speed&quot;:5000,&quot;infinite&quot;:&quot;yes&quot;,&quot;transition&quot;:&quot;slide&quot;,&quot;transition_speed&quot;:500,&quot;ekit_we_effect_on&quot;:&quot;none&quot;}\" data-widget_type=\"slides.default\">\n\t\t\t\t<div class=\"elementor-widget-container\">\n\t\t\t\t\t\t\t\t\t<div class=\"elementor-swiper\">\r\n\t\t\t\t\t<div class=\"elementor-slides-wrapper elementor-main-swiper swiper\" role=\"region\" aria-roledescription=\"carousel\" aria-label=\"Diapositivas\" dir=\"ltr\" data-animation=\"fadeInUp\">\r\n\t\t\t\t<div class=\"swiper-wrapper elementor-slides\">\r\n\t\t\t\t\t\t\t\t\t\t<div class=\"elementor-repeater-item-f93edad swiper-slide\" role=\"group\" aria-roledescription=\"slide\"><div class=\"swiper-slide-bg\" role=\"img\" aria-label=\"f3bd717f-24d5-4efa-aad6-6e2d03d9a1b7.__CR001464600_PT0_SX1464_V1___.jpg\"><\/div><div class=\"swiper-slide-inner\" ><div class=\"swiper-slide-contents\"><\/div><\/div><\/div><div class=\"elementor-repeater-item-dde7774 swiper-slide\" role=\"group\" aria-roledescription=\"slide\"><div class=\"swiper-slide-bg\" role=\"img\" aria-label=\"32f35afd-e841-4c4d-8ccd-dbcc00edeba2.__CR001464600_PT0_SX1464_V1___.jpg\"><\/div><div class=\"swiper-slide-inner\" ><div class=\"swiper-slide-contents\"><\/div><\/div><\/div><div class=\"elementor-repeater-item-fdead23 swiper-slide\" role=\"group\" aria-roledescription=\"slide\"><div class=\"swiper-slide-bg\" role=\"img\" aria-label=\"a5bf92b8-374c-4d0c-aeef-53bf3103629b.__CR001464600_PT0_SX1464_V1___.jpg\"><\/div><div class=\"swiper-slide-inner\" ><div class=\"swiper-slide-contents\"><\/div><\/div><\/div>\t\t\t\t<\/div>\r\n\t\t\t\t\t\t\t\t\t\t\t\t\t\t\t<div class=\"elementor-swiper-button elementor-swiper-button-prev\" role=\"button\" tabindex=\"0\" aria-label=\"Diapositiva anterior\">\r\n\t\t\t\t\t\t\t<svg aria-hidden=\"true\" class=\"e-font-icon-svg e-eicon-chevron-left\" viewbox=\"0 0 1000 1000\" xmlns=\"http:\/\/www.w3.org\/2000\/svg\"><path d=\"M646 125C629 125 613 133 604 142L308 442C296 454 292 471 292 487 292 504 296 521 308 533L604 854C617 867 629 875 646 875 663 875 679 871 692 858 704 846 713 829 713 812 713 796 708 779 692 767L438 487 692 225C700 217 708 204 708 187 708 171 704 154 692 142 675 129 663 125 646 125Z\"><\/path><\/svg>\t\t\t\t\t\t<\/div>\r\n\t\t\t\t\t\t<div class=\"elementor-swiper-button elementor-swiper-button-next\" role=\"button\" tabindex=\"0\" aria-label=\"Siguiente diapositiva\">\r\n\t\t\t\t\t\t\t<svg aria-hidden=\"true\" class=\"e-font-icon-svg e-eicon-chevron-right\" viewbox=\"0 0 1000 1000\" xmlns=\"http:\/\/www.w3.org\/2000\/svg\"><path d=\"M696 533C708 521 713 504 713 487 713 471 708 454 696 446L400 146C388 133 375 125 354 125 338 125 325 129 313 142 300 154 292 171 292 187 292 204 296 221 308 233L563 492 304 771C292 783 288 800 288 817 288 833 296 850 308 863 321 871 338 875 354 875 371 875 388 867 400 854L696 533Z\"><\/path><\/svg>\t\t\t\t\t\t<\/div>\r\n\t\t\t\t\t\t\t\t\t\t\t\t\t\t\t\t<div class=\"swiper-pagination\"><\/div>\r\n\t\t\t\t\t\t\t\t\t\t\t\t<\/div>\r\n\t\t\t\t<\/div>\r\n\t\t\t\t\t\t\t\t<\/div>\n\t\t\t\t<\/div>\n\t\t\t\t\t<\/div>\n\t\t\t\t<\/div>\n\t\t<div class=\"elementor-element elementor-element-5b0973af e-flex e-con-boxed e-con e-parent\" data-id=\"5b0973af\" data-element_type=\"container\" data-e-type=\"container\" data-settings=\"{&quot;ekit_has_onepagescroll_dot&quot;:&quot;yes&quot;}\">\n\t\t\t\t\t<div class=\"e-con-inner\">\n\t\t\t\t<div class=\"elementor-element elementor-element-31b9e99d elementor-widget elementor-widget-image\" data-id=\"31b9e99d\" data-element_type=\"widget\" data-e-type=\"widget\" data-settings=\"{&quot;ekit_we_effect_on&quot;:&quot;none&quot;}\" data-widget_type=\"image.default\">\n\t\t\t\t<div class=\"elementor-widget-container\">\n\t\t\t\t\t\t\t\t\t\t\t\t\t\t\t<img loading=\"lazy\" decoding=\"async\" width=\"970\" height=\"600\" src=\"https:\/\/curatedpicks.shop\/wp-content\/uploads\/2026\/04\/9df548ed-05d0-49a9-b955-cf75de51d6db.__CR00970600_PT0_SX970_V1___.png\" class=\"attachment-full size-full wp-image-14137 wvs-archive-product-image\" alt=\"\" srcset=\"https:\/\/curatedpicks.shop\/wp-content\/uploads\/2026\/04\/9df548ed-05d0-49a9-b955-cf75de51d6db.__CR00970600_PT0_SX970_V1___.png 970w, https:\/\/curatedpicks.shop\/wp-content\/uploads\/2026\/04\/9df548ed-05d0-49a9-b955-cf75de51d6db.__CR00970600_PT0_SX970_V1___-300x186.png 300w, https:\/\/curatedpicks.shop\/wp-content\/uploads\/2026\/04\/9df548ed-05d0-49a9-b955-cf75de51d6db.__CR00970600_PT0_SX970_V1___-768x475.png 768w, https:\/\/curatedpicks.shop\/wp-content\/uploads\/2026\/04\/9df548ed-05d0-49a9-b955-cf75de51d6db.__CR00970600_PT0_SX970_V1___-18x12.png 18w, https:\/\/curatedpicks.shop\/wp-content\/uploads\/2026\/04\/9df548ed-05d0-49a9-b955-cf75de51d6db.__CR00970600_PT0_SX970_V1___-600x371.png 600w, https:\/\/curatedpicks.shop\/wp-content\/uploads\/2026\/04\/9df548ed-05d0-49a9-b955-cf75de51d6db.__CR00970600_PT0_SX970_V1___-1x1.png 1w, https:\/\/curatedpicks.shop\/wp-content\/uploads\/2026\/04\/9df548ed-05d0-49a9-b955-cf75de51d6db.__CR00970600_PT0_SX970_V1___-10x6.png 10w\" sizes=\"auto, (max-width: 970px) 100vw, 970px\" \/>\t\t\t\t\t\t\t\t\t\t\t\t\t\t\t<\/div>\n\t\t\t\t<\/div>\n\t\t\t\t<div class=\"elementor-element elementor-element-691e6aaa elementor-widget elementor-widget-heading\" data-id=\"691e6aaa\" data-element_type=\"widget\" data-e-type=\"widget\" data-settings=\"{&quot;ekit_we_effect_on&quot;:&quot;none&quot;}\" data-widget_type=\"heading.default\">\n\t\t\t\t<div class=\"elementor-widget-container\">\n\t\t\t\t\t<h2 class=\"elementor-heading-title elementor-size-default\">Visibilidad 360\u00b0 Hasta 1 Kil\u00f3metro<\/h2>\t\t\t\t<\/div>\n\t\t\t\t<\/div>\n\t\t\t\t<div class=\"elementor-element elementor-element-3a6bcce9 elementor-widget elementor-widget-text-editor\" data-id=\"3a6bcce9\" data-element_type=\"widget\" data-e-type=\"widget\" data-settings=\"{&quot;ekit_we_effect_on&quot;:&quot;none&quot;}\" data-widget_type=\"text-editor.default\">\n\t\t\t\t<div class=\"elementor-widget-container\">\n\t\t\t\t\t\t\t\t\t<p>Equipada con\u00a0<strong>luces LED de alta intensidad de color amarillo \u00e1mbar<\/strong>, la baliza emite una se\u00f1al intermitente\u00a0<strong>visible en 360 grados<\/strong>. En condiciones \u00f3ptimas, puede ser vista desde una distancia de\u00a0<strong>hasta 1 kil\u00f3metro<\/strong>, superando ampliamente la visibilidad limitada de los tri\u00e1ngulos reflectantes\u00a0. Su dise\u00f1o garantiza que otros conductores te detecten con suficiente antelaci\u00f3n para reaccionar a tiempo.<\/p>\t\t\t\t\t\t\t\t<\/div>\n\t\t\t\t<\/div>\n\t\t\t\t<div class=\"elementor-element elementor-element-92860e3 elementor-widget elementor-widget-image\" data-id=\"92860e3\" data-element_type=\"widget\" data-e-type=\"widget\" data-settings=\"{&quot;ekit_we_effect_on&quot;:&quot;none&quot;}\" data-widget_type=\"image.default\">\n\t\t\t\t<div class=\"elementor-widget-container\">\n\t\t\t\t\t\t\t\t\t\t\t\t\t\t\t<img loading=\"lazy\" decoding=\"async\" width=\"970\" height=\"600\" src=\"https:\/\/curatedpicks.shop\/wp-content\/uploads\/2026\/04\/9aad6027-a5c2-4aeb-81f0-292e26ba1f28.__CR00970600_PT0_SX970_V1___.png\" class=\"attachment-full size-full wp-image-14138 wvs-archive-product-image\" alt=\"\" srcset=\"https:\/\/curatedpicks.shop\/wp-content\/uploads\/2026\/04\/9aad6027-a5c2-4aeb-81f0-292e26ba1f28.__CR00970600_PT0_SX970_V1___.png 970w, https:\/\/curatedpicks.shop\/wp-content\/uploads\/2026\/04\/9aad6027-a5c2-4aeb-81f0-292e26ba1f28.__CR00970600_PT0_SX970_V1___-300x186.png 300w, https:\/\/curatedpicks.shop\/wp-content\/uploads\/2026\/04\/9aad6027-a5c2-4aeb-81f0-292e26ba1f28.__CR00970600_PT0_SX970_V1___-768x475.png 768w, https:\/\/curatedpicks.shop\/wp-content\/uploads\/2026\/04\/9aad6027-a5c2-4aeb-81f0-292e26ba1f28.__CR00970600_PT0_SX970_V1___-18x12.png 18w, https:\/\/curatedpicks.shop\/wp-content\/uploads\/2026\/04\/9aad6027-a5c2-4aeb-81f0-292e26ba1f28.__CR00970600_PT0_SX970_V1___-600x371.png 600w, https:\/\/curatedpicks.shop\/wp-content\/uploads\/2026\/04\/9aad6027-a5c2-4aeb-81f0-292e26ba1f28.__CR00970600_PT0_SX970_V1___-1x1.png 1w, https:\/\/curatedpicks.shop\/wp-content\/uploads\/2026\/04\/9aad6027-a5c2-4aeb-81f0-292e26ba1f28.__CR00970600_PT0_SX970_V1___-10x6.png 10w\" sizes=\"auto, (max-width: 970px) 100vw, 970px\" \/>\t\t\t\t\t\t\t\t\t\t\t\t\t\t\t<\/div>\n\t\t\t\t<\/div>\n\t\t\t\t<div class=\"elementor-element elementor-element-e1db378 elementor-widget elementor-widget-heading\" data-id=\"e1db378\" data-element_type=\"widget\" data-e-type=\"widget\" data-settings=\"{&quot;ekit_we_effect_on&quot;:&quot;none&quot;}\" data-widget_type=\"heading.default\">\n\t\t\t\t<div class=\"elementor-widget-container\">\n\t\t\t\t\t<h2 class=\"elementor-heading-title elementor-size-default\">Seguridad Total \u2013 Sin Bajarte del Veh\u00edculo<\/h2>\t\t\t\t<\/div>\n\t\t\t\t<\/div>\n\t\t\t\t<div class=\"elementor-element elementor-element-1bf73b0e elementor-widget elementor-widget-text-editor\" data-id=\"1bf73b0e\" data-element_type=\"widget\" data-e-type=\"widget\" data-settings=\"{&quot;ekit_we_effect_on&quot;:&quot;none&quot;}\" data-widget_type=\"text-editor.default\">\n\t\t\t\t<div class=\"elementor-widget-container\">\n\t\t\t\t\t\t\t\t\t<p>La principal ventaja de la baliza V16 frente a los tri\u00e1ngulos es que\u00a0<strong>no necesitas salir del coche<\/strong>\u00a0para activarla. Cada a\u00f1o, aproximadamente\u00a0<strong>25 personas fallec\u00edan en Espa\u00f1a<\/strong>\u00a0atropelladas mientras intentaban colocar los tri\u00e1ngulos de emergencia\u00a0. Con la V16, simplemente la enciendes desde el interior del veh\u00edculo y la colocas en el techo mediante su potente im\u00e1n. Adi\u00f3s al riesgo de caminar por el arc\u00e9n en condiciones de baja visibilidad o en carreteras con tr\u00e1fico intenso.<\/p>\t\t\t\t\t\t\t\t<\/div>\n\t\t\t\t<\/div>\n\t\t<div class=\"elementor-element elementor-element-5fca6fdb e-grid e-con-full e-con e-child\" data-id=\"5fca6fdb\" data-element_type=\"container\" data-e-type=\"container\" data-settings=\"{&quot;ekit_has_onepagescroll_dot&quot;:&quot;yes&quot;}\">\n\t\t\t\t<div class=\"elementor-element elementor-element-7d8b4437 elementor-position-top elementor-widget elementor-widget-image-box\" data-id=\"7d8b4437\" data-element_type=\"widget\" data-e-type=\"widget\" data-settings=\"{&quot;ekit_we_effect_on&quot;:&quot;none&quot;}\" data-widget_type=\"image-box.default\">\n\t\t\t\t<div class=\"elementor-widget-container\">\n\t\t\t\t\t<div class=\"elementor-image-box-wrapper\"><figure class=\"elementor-image-box-img\"><img loading=\"lazy\" decoding=\"async\" width=\"300\" height=\"225\" src=\"https:\/\/curatedpicks.shop\/wp-content\/uploads\/2026\/04\/817b53c2-ba45-49f8-9644-d7fbb38ba0a1.__CR00300225_PT0_SX300_V1___.jpg\" class=\"attachment-full size-full wp-image-14139 wvs-archive-product-image\" alt=\"\" srcset=\"https:\/\/curatedpicks.shop\/wp-content\/uploads\/2026\/04\/817b53c2-ba45-49f8-9644-d7fbb38ba0a1.__CR00300225_PT0_SX300_V1___.jpg 300w, https:\/\/curatedpicks.shop\/wp-content\/uploads\/2026\/04\/817b53c2-ba45-49f8-9644-d7fbb38ba0a1.__CR00300225_PT0_SX300_V1___-16x12.jpg 16w, https:\/\/curatedpicks.shop\/wp-content\/uploads\/2026\/04\/817b53c2-ba45-49f8-9644-d7fbb38ba0a1.__CR00300225_PT0_SX300_V1___-1x1.jpg 1w, https:\/\/curatedpicks.shop\/wp-content\/uploads\/2026\/04\/817b53c2-ba45-49f8-9644-d7fbb38ba0a1.__CR00300225_PT0_SX300_V1___-10x8.jpg 10w\" sizes=\"auto, (max-width: 300px) 100vw, 300px\" \/><\/figure><div class=\"elementor-image-box-content\"><h3 class=\"elementor-image-box-title\">DIFICULTADES DE IMPLEMENTACI\u00d3N<\/h3><p class=\"elementor-image-box-description\">Obliga a abandonar el veh\u00edculo en calzada Exposici\u00f3n al tr\u00e1fico durante su colocaci\u00f3n<\/p><\/div><\/div>\t\t\t\t<\/div>\n\t\t\t\t<\/div>\n\t\t\t\t<div class=\"elementor-element elementor-element-31a1cc3c elementor-position-top elementor-widget elementor-widget-image-box\" data-id=\"31a1cc3c\" data-element_type=\"widget\" data-e-type=\"widget\" data-settings=\"{&quot;ekit_we_effect_on&quot;:&quot;none&quot;}\" data-widget_type=\"image-box.default\">\n\t\t\t\t<div class=\"elementor-widget-container\">\n\t\t\t\t\t<div class=\"elementor-image-box-wrapper\"><figure class=\"elementor-image-box-img\"><img loading=\"lazy\" decoding=\"async\" width=\"300\" height=\"225\" src=\"https:\/\/curatedpicks.shop\/wp-content\/uploads\/2026\/04\/a0a09b7d-7ee7-4a1f-9352-a0a792e22713.__CR00300225_PT0_SX300_V1___.jpg\" class=\"attachment-full size-full wp-image-14140 wvs-archive-product-image\" alt=\"\" srcset=\"https:\/\/curatedpicks.shop\/wp-content\/uploads\/2026\/04\/a0a09b7d-7ee7-4a1f-9352-a0a792e22713.__CR00300225_PT0_SX300_V1___.jpg 300w, https:\/\/curatedpicks.shop\/wp-content\/uploads\/2026\/04\/a0a09b7d-7ee7-4a1f-9352-a0a792e22713.__CR00300225_PT0_SX300_V1___-16x12.jpg 16w, https:\/\/curatedpicks.shop\/wp-content\/uploads\/2026\/04\/a0a09b7d-7ee7-4a1f-9352-a0a792e22713.__CR00300225_PT0_SX300_V1___-1x1.jpg 1w, https:\/\/curatedpicks.shop\/wp-content\/uploads\/2026\/04\/a0a09b7d-7ee7-4a1f-9352-a0a792e22713.__CR00300225_PT0_SX300_V1___-10x8.jpg 10w\" sizes=\"auto, (max-width: 300px) 100vw, 300px\" \/><\/figure><div class=\"elementor-image-box-content\"><h3 class=\"elementor-image-box-title\">Baliza V16 - M\u00e1xima Eficacia<\/h3><p class=\"elementor-image-box-description\">\u2022 Visibilidad : 1,000 metros\n\n\u2022 Iluminaci\u00f3n omnidireccional (360\u00b0)<\/p><\/div><\/div>\t\t\t\t<\/div>\n\t\t\t\t<\/div>\n\t\t\t\t<div class=\"elementor-element elementor-element-433e10da elementor-position-top elementor-widget elementor-widget-image-box\" data-id=\"433e10da\" data-element_type=\"widget\" data-e-type=\"widget\" data-settings=\"{&quot;ekit_we_effect_on&quot;:&quot;none&quot;}\" data-widget_type=\"image-box.default\">\n\t\t\t\t<div class=\"elementor-widget-container\">\n\t\t\t\t\t<div class=\"elementor-image-box-wrapper\"><figure class=\"elementor-image-box-img\"><img loading=\"lazy\" decoding=\"async\" width=\"300\" height=\"225\" src=\"https:\/\/curatedpicks.shop\/wp-content\/uploads\/2026\/04\/0d36431e-3908-4a24-b791-ae70172dc99c.__CR00300225_PT0_SX300_V1___.jpg\" class=\"attachment-full size-full wp-image-14141 wvs-archive-product-image\" alt=\"\" srcset=\"https:\/\/curatedpicks.shop\/wp-content\/uploads\/2026\/04\/0d36431e-3908-4a24-b791-ae70172dc99c.__CR00300225_PT0_SX300_V1___.jpg 300w, https:\/\/curatedpicks.shop\/wp-content\/uploads\/2026\/04\/0d36431e-3908-4a24-b791-ae70172dc99c.__CR00300225_PT0_SX300_V1___-16x12.jpg 16w, https:\/\/curatedpicks.shop\/wp-content\/uploads\/2026\/04\/0d36431e-3908-4a24-b791-ae70172dc99c.__CR00300225_PT0_SX300_V1___-1x1.jpg 1w, https:\/\/curatedpicks.shop\/wp-content\/uploads\/2026\/04\/0d36431e-3908-4a24-b791-ae70172dc99c.__CR00300225_PT0_SX300_V1___-10x8.jpg 10w\" sizes=\"auto, (max-width: 300px) 100vw, 300px\" \/><\/figure><div class=\"elementor-image-box-content\"><h3 class=\"elementor-image-box-title\">Baliza V16: SEGURA<\/h3><p class=\"elementor-image-box-description\">Fijaci\u00f3n magn\u00e9tica instant\u00e1nea Activaci\u00f3n mediante pulsador \u00fanico<\/p><\/div><\/div>\t\t\t\t<\/div>\n\t\t\t\t<\/div>\n\t\t\t\t<\/div>\n\t\t\t\t\t<\/div>\n\t\t\t\t<\/div>\n\t\t<div class=\"elementor-element elementor-element-6cfaf3e8 e-flex e-con-boxed e-con e-parent\" data-id=\"6cfaf3e8\" data-element_type=\"container\" data-e-type=\"container\" data-settings=\"{&quot;ekit_has_onepagescroll_dot&quot;:&quot;yes&quot;}\">\n\t\t\t\t\t<div class=\"e-con-inner\">\n\t\t\t\t<div class=\"elementor-element elementor-element-4ace4a3 elementor-widget elementor-widget-image\" data-id=\"4ace4a3\" data-element_type=\"widget\" data-e-type=\"widget\" data-settings=\"{&quot;ekit_we_effect_on&quot;:&quot;none&quot;}\" data-widget_type=\"image.default\">\n\t\t\t\t<div class=\"elementor-widget-container\">\n\t\t\t\t\t\t\t\t\t\t\t\t\t\t\t<img loading=\"lazy\" decoding=\"async\" width=\"1464\" height=\"600\" src=\"https:\/\/curatedpicks.shop\/wp-content\/uploads\/2026\/04\/5d4d67ad-009c-4f43-9d4b-0ee2332436bb.__CR001464600_PT0_SX1464_V1___.jpg\" class=\"attachment-full size-full wp-image-14142 wvs-archive-product-image\" alt=\"\" srcset=\"https:\/\/curatedpicks.shop\/wp-content\/uploads\/2026\/04\/5d4d67ad-009c-4f43-9d4b-0ee2332436bb.__CR001464600_PT0_SX1464_V1___.jpg 1464w, https:\/\/curatedpicks.shop\/wp-content\/uploads\/2026\/04\/5d4d67ad-009c-4f43-9d4b-0ee2332436bb.__CR001464600_PT0_SX1464_V1___-300x123.jpg 300w, https:\/\/curatedpicks.shop\/wp-content\/uploads\/2026\/04\/5d4d67ad-009c-4f43-9d4b-0ee2332436bb.__CR001464600_PT0_SX1464_V1___-1024x420.jpg 1024w, https:\/\/curatedpicks.shop\/wp-content\/uploads\/2026\/04\/5d4d67ad-009c-4f43-9d4b-0ee2332436bb.__CR001464600_PT0_SX1464_V1___-768x315.jpg 768w, https:\/\/curatedpicks.shop\/wp-content\/uploads\/2026\/04\/5d4d67ad-009c-4f43-9d4b-0ee2332436bb.__CR001464600_PT0_SX1464_V1___-18x7.jpg 18w, https:\/\/curatedpicks.shop\/wp-content\/uploads\/2026\/04\/5d4d67ad-009c-4f43-9d4b-0ee2332436bb.__CR001464600_PT0_SX1464_V1___-600x246.jpg 600w, https:\/\/curatedpicks.shop\/wp-content\/uploads\/2026\/04\/5d4d67ad-009c-4f43-9d4b-0ee2332436bb.__CR001464600_PT0_SX1464_V1___-1x1.jpg 1w, https:\/\/curatedpicks.shop\/wp-content\/uploads\/2026\/04\/5d4d67ad-009c-4f43-9d4b-0ee2332436bb.__CR001464600_PT0_SX1464_V1___-10x4.jpg 10w\" sizes=\"auto, (max-width: 1464px) 100vw, 1464px\" \/>\t\t\t\t\t\t\t\t\t\t\t\t\t\t\t<\/div>\n\t\t\t\t<\/div>\n\t\t\t\t<div class=\"elementor-element elementor-element-63467c51 elementor-widget elementor-widget-image\" data-id=\"63467c51\" data-element_type=\"widget\" data-e-type=\"widget\" data-settings=\"{&quot;ekit_we_effect_on&quot;:&quot;none&quot;}\" data-widget_type=\"image.default\">\n\t\t\t\t<div class=\"elementor-widget-container\">\n\t\t\t\t\t\t\t\t\t\t\t\t\t\t\t<img loading=\"lazy\" decoding=\"async\" width=\"970\" height=\"600\" src=\"https:\/\/curatedpicks.shop\/wp-content\/uploads\/2026\/04\/de06d35a-4e44-4996-b9de-1ce5f1797d3c.__CR87017461080_PT0_SX970_V1___.jpg\" class=\"attachment-full size-full wp-image-14143 wvs-archive-product-image\" alt=\"\" srcset=\"https:\/\/curatedpicks.shop\/wp-content\/uploads\/2026\/04\/de06d35a-4e44-4996-b9de-1ce5f1797d3c.__CR87017461080_PT0_SX970_V1___.jpg 970w, https:\/\/curatedpicks.shop\/wp-content\/uploads\/2026\/04\/de06d35a-4e44-4996-b9de-1ce5f1797d3c.__CR87017461080_PT0_SX970_V1___-300x186.jpg 300w, https:\/\/curatedpicks.shop\/wp-content\/uploads\/2026\/04\/de06d35a-4e44-4996-b9de-1ce5f1797d3c.__CR87017461080_PT0_SX970_V1___-768x475.jpg 768w, https:\/\/curatedpicks.shop\/wp-content\/uploads\/2026\/04\/de06d35a-4e44-4996-b9de-1ce5f1797d3c.__CR87017461080_PT0_SX970_V1___-18x12.jpg 18w, https:\/\/curatedpicks.shop\/wp-content\/uploads\/2026\/04\/de06d35a-4e44-4996-b9de-1ce5f1797d3c.__CR87017461080_PT0_SX970_V1___-600x371.jpg 600w, https:\/\/curatedpicks.shop\/wp-content\/uploads\/2026\/04\/de06d35a-4e44-4996-b9de-1ce5f1797d3c.__CR87017461080_PT0_SX970_V1___-1x1.jpg 1w, https:\/\/curatedpicks.shop\/wp-content\/uploads\/2026\/04\/de06d35a-4e44-4996-b9de-1ce5f1797d3c.__CR87017461080_PT0_SX970_V1___-10x6.jpg 10w\" sizes=\"auto, (max-width: 970px) 100vw, 970px\" \/>\t\t\t\t\t\t\t\t\t\t\t\t\t\t\t<\/div>\n\t\t\t\t<\/div>\n\t\t\t\t\t<\/div>\n\t\t\t\t<\/div>\n\t\t\t\t<\/div>","protected":false},"excerpt":{"rendered":"<h1 class=\"a-size-base-plus a-text-bold\">Acerca de este art\u00edculo<\/h1>\n<ul class=\"a-unordered-list a-vertical a-spacing-mini\">\n<li class=\"a-spacing-mini\"><span class=\"a-list-item\">V16 BEACHEAD APPROVED &#8211; MANDATORY IN 2026 Device officially approved by the DGT, meeting the requirements that will be mandatory from January 2026.<\/span><\/li>\n<li class=\"a-spacing-mini\"><span class=\"a-list-item\">BALIZA V16 GEOLOCALIZED DGT APPROVED &#8211; 360\u00b0 visibility and 1 km range, with integrated connection to the DGT 3.0 system for emergencies.<\/span><\/li>\n<\/ul>","protected":false},"featured_media":14123,"comment_status":"open","ping_status":"closed","template":"","meta":{"_acf_changed":false},"etheme_brands":[],"product_brand":[],"product_cat":[127,118],"product_tag":[],"class_list":{"0":"post-14122","1":"product","2":"type-product","3":"status-publish","4":"has-post-thumbnail","6":"product_cat-dao","7":"product_cat-sale-shop","9":"first","10":"instock","11":"sale","12":"shipping-taxable","13":"purchasable","14":"product-type-simple"},"acf":[],"_links":{"self":[{"href":"https:\/\/curatedpicks.shop\/es\/wp-json\/wp\/v2\/product\/14122","targetHints":{"allow":["GET"]}}],"collection":[{"href":"https:\/\/curatedpicks.shop\/es\/wp-json\/wp\/v2\/product"}],"about":[{"href":"https:\/\/curatedpicks.shop\/es\/wp-json\/wp\/v2\/types\/product"}],"replies":[{"embeddable":true,"href":"https:\/\/curatedpicks.shop\/es\/wp-json\/wp\/v2\/comments?post=14122"}],"version-history":[{"count":4,"href":"https:\/\/curatedpicks.shop\/es\/wp-json\/wp\/v2\/product\/14122\/revisions"}],"predecessor-version":[{"id":14149,"href":"https:\/\/curatedpicks.shop\/es\/wp-json\/wp\/v2\/product\/14122\/revisions\/14149"}],"wp:featuredmedia":[{"embeddable":true,"href":"https:\/\/curatedpicks.shop\/es\/wp-json\/wp\/v2\/media\/14123"}],"wp:attachment":[{"href":"https:\/\/curatedpicks.shop\/es\/wp-json\/wp\/v2\/media?parent=14122"}],"wp:term":[{"taxonomy":"brand","embeddable":true,"href":"https:\/\/curatedpicks.shop\/es\/wp-json\/wp\/v2\/etheme_brands?post=14122"},{"taxonomy":"product_brand","embeddable":true,"href":"https:\/\/curatedpicks.shop\/es\/wp-json\/wp\/v2\/product_brand?post=14122"},{"taxonomy":"product_cat","embeddable":true,"href":"https:\/\/curatedpicks.shop\/es\/wp-json\/wp\/v2\/product_cat?post=14122"},{"taxonomy":"product_tag","embeddable":true,"href":"https:\/\/curatedpicks.shop\/es\/wp-json\/wp\/v2\/product_tag?post=14122"}],"curies":[{"name":"wp","href":"https:\/\/api.w.org\/{rel}","templated":true}]}}