{"id":13842,"date":"2026-04-06T03:34:28","date_gmt":"2026-04-06T03:34:28","guid":{"rendered":"https:\/\/curatedpicks.shop\/?post_type=product&#038;p=13842"},"modified":"2026-04-06T03:43:09","modified_gmt":"2026-04-06T03:43:09","slug":"tarro-chuches-surtidas-50-referencias-3-kg","status":"publish","type":"product","link":"https:\/\/curatedpicks.shop\/es\/producto\/tarro-chuches-surtidas-50-referencias-3-kg\/","title":{"rendered":"Tarro chuches surtidas + 50 referencias 3 kg"},"content":{"rendered":"<div data-elementor-type=\"product-post\" data-elementor-id=\"13842\" class=\"elementor elementor-13842\" data-elementor-post-type=\"product\">\n\t\t\t\t<div class=\"elementor-element elementor-element-2d556915 e-flex e-con-boxed e-con e-parent\" data-id=\"2d556915\" data-element_type=\"container\" data-settings=\"{&quot;ekit_has_onepagescroll_dot&quot;:&quot;yes&quot;}\">\n\t\t\t\t\t<div class=\"e-con-inner\">\n\t\t\t\t<div class=\"elementor-element elementor-element-748ae674 elementor-widget elementor-widget-heading\" data-id=\"748ae674\" data-element_type=\"widget\" data-settings=\"{&quot;ekit_we_effect_on&quot;:&quot;none&quot;}\" data-widget_type=\"heading.default\">\n\t\t\t\t<div class=\"elementor-widget-container\">\n\t\t\t\t\t<h2 class=\"elementor-heading-title elementor-size-default\">Disfruta de una explosi\u00f3n de sabores \u2013 3 kg de gomitas surtidas<\/h2>\t\t\t\t<\/div>\n\t\t\t\t<\/div>\n\t\t\t\t<div class=\"elementor-element elementor-element-48db88cd elementor-position-left elementor-vertical-align-middle elementor-widget elementor-widget-image-box\" data-id=\"48db88cd\" data-element_type=\"widget\" data-settings=\"{&quot;ekit_we_effect_on&quot;:&quot;none&quot;}\" data-widget_type=\"image-box.default\">\n\t\t\t\t<div class=\"elementor-widget-container\">\n\t\t\t\t\t<div class=\"elementor-image-box-wrapper\"><figure class=\"elementor-image-box-img\"><img loading=\"lazy\" decoding=\"async\" width=\"1500\" height=\"1500\" src=\"https:\/\/curatedpicks.shop\/wp-content\/uploads\/2026\/04\/81OEtETYZiL._SL1500_.jpg\" class=\"attachment-full size-full wp-image-13850 wvs-archive-product-image\" alt=\"\" srcset=\"https:\/\/curatedpicks.shop\/wp-content\/uploads\/2026\/04\/81OEtETYZiL._SL1500_.jpg 1500w, https:\/\/curatedpicks.shop\/wp-content\/uploads\/2026\/04\/81OEtETYZiL._SL1500_-300x300.jpg 300w, https:\/\/curatedpicks.shop\/wp-content\/uploads\/2026\/04\/81OEtETYZiL._SL1500_-1024x1024.jpg 1024w, https:\/\/curatedpicks.shop\/wp-content\/uploads\/2026\/04\/81OEtETYZiL._SL1500_-150x150.jpg 150w, https:\/\/curatedpicks.shop\/wp-content\/uploads\/2026\/04\/81OEtETYZiL._SL1500_-768x768.jpg 768w, https:\/\/curatedpicks.shop\/wp-content\/uploads\/2026\/04\/81OEtETYZiL._SL1500_-12x12.jpg 12w, https:\/\/curatedpicks.shop\/wp-content\/uploads\/2026\/04\/81OEtETYZiL._SL1500_-600x600.jpg 600w, https:\/\/curatedpicks.shop\/wp-content\/uploads\/2026\/04\/81OEtETYZiL._SL1500_-100x100.jpg 100w, https:\/\/curatedpicks.shop\/wp-content\/uploads\/2026\/04\/81OEtETYZiL._SL1500_-50x50.jpg 50w, https:\/\/curatedpicks.shop\/wp-content\/uploads\/2026\/04\/81OEtETYZiL._SL1500_-1x1.jpg 1w, https:\/\/curatedpicks.shop\/wp-content\/uploads\/2026\/04\/81OEtETYZiL._SL1500_-10x10.jpg 10w\" sizes=\"auto, (max-width: 1500px) 100vw, 1500px\" \/><\/figure><div class=\"elementor-image-box-content\"><h3 class=\"elementor-image-box-title\">Variedad de sabores en un solo paquete<\/h3><p class=\"elementor-image-box-description\">Con nuestras gomitas surtidas de 3 kg, tendr\u00e1s una combinaci\u00f3n perfecta de sabores frutales: fresa, naranja, lim\u00f3n, uva, manzana y m\u00e1s. Cada pieza ofrece una experiencia dulce y refrescune que encanta tanto a ni\u00f1os como a adultos.\n<\/p><\/div><\/div>\t\t\t\t<\/div>\n\t\t\t\t<\/div>\n\t\t\t\t<div class=\"elementor-element elementor-element-1ac79dfd elementor-position-right elementor-vertical-align-middle elementor-widget elementor-widget-image-box\" data-id=\"1ac79dfd\" data-element_type=\"widget\" data-settings=\"{&quot;ekit_we_effect_on&quot;:&quot;none&quot;}\" data-widget_type=\"image-box.default\">\n\t\t\t\t<div class=\"elementor-widget-container\">\n\t\t\t\t\t<div class=\"elementor-image-box-wrapper\"><figure class=\"elementor-image-box-img\"><img loading=\"lazy\" decoding=\"async\" width=\"1000\" height=\"1000\" src=\"https:\/\/curatedpicks.shop\/wp-content\/uploads\/2026\/04\/4-7.webp\" class=\"attachment-full size-full wp-image-13851 wvs-archive-product-image\" alt=\"\" srcset=\"https:\/\/curatedpicks.shop\/wp-content\/uploads\/2026\/04\/4-7.webp 1000w, https:\/\/curatedpicks.shop\/wp-content\/uploads\/2026\/04\/4-7-300x300.webp 300w, https:\/\/curatedpicks.shop\/wp-content\/uploads\/2026\/04\/4-7-150x150.webp 150w, https:\/\/curatedpicks.shop\/wp-content\/uploads\/2026\/04\/4-7-768x768.webp 768w, https:\/\/curatedpicks.shop\/wp-content\/uploads\/2026\/04\/4-7-12x12.webp 12w, https:\/\/curatedpicks.shop\/wp-content\/uploads\/2026\/04\/4-7-600x600.webp 600w, https:\/\/curatedpicks.shop\/wp-content\/uploads\/2026\/04\/4-7-100x100.webp 100w, https:\/\/curatedpicks.shop\/wp-content\/uploads\/2026\/04\/4-7-50x50.webp 50w, https:\/\/curatedpicks.shop\/wp-content\/uploads\/2026\/04\/4-7-1x1.webp 1w, https:\/\/curatedpicks.shop\/wp-content\/uploads\/2026\/04\/4-7-10x10.webp 10w\" sizes=\"auto, (max-width: 1000px) 100vw, 1000px\" \/><\/figure><div class=\"elementor-image-box-content\"><h3 class=\"elementor-image-box-title\">Colores llamativos y formas divertidas<\/h3><p class=\"elementor-image-box-description\">Cada gomita tiene un color vibrante y formas divertidas que despiertan la curiosidad y el apetito. Son ideales para decorar mesas de postres, pasteles o simplemente para alegrar el d\u00eda.Ya sea para disfrutar solas, compartir con amigos, usar en reposter\u00eda o como surtido en tu tienda, nuestras gomitas de 3 kg se adaptan a todo. Un producto pensado para quienes buscan calidad y cantidad.<\/p><\/div><\/div>\t\t\t\t<\/div>\n\t\t\t\t<\/div>\n\t\t\t\t<div class=\"elementor-element elementor-element-42679d73 elementor-position-left elementor-vertical-align-middle elementor-widget elementor-widget-image-box\" data-id=\"42679d73\" data-element_type=\"widget\" data-settings=\"{&quot;ekit_we_effect_on&quot;:&quot;none&quot;}\" data-widget_type=\"image-box.default\">\n\t\t\t\t<div class=\"elementor-widget-container\">\n\t\t\t\t\t<div class=\"elementor-image-box-wrapper\"><figure class=\"elementor-image-box-img\"><img loading=\"lazy\" decoding=\"async\" width=\"1500\" height=\"1500\" src=\"https:\/\/curatedpicks.shop\/wp-content\/uploads\/2026\/04\/81ngzVJfYLL._SL1500_.jpg\" class=\"attachment-full size-full wp-image-13852 wvs-archive-product-image\" alt=\"\" srcset=\"https:\/\/curatedpicks.shop\/wp-content\/uploads\/2026\/04\/81ngzVJfYLL._SL1500_.jpg 1500w, https:\/\/curatedpicks.shop\/wp-content\/uploads\/2026\/04\/81ngzVJfYLL._SL1500_-300x300.jpg 300w, https:\/\/curatedpicks.shop\/wp-content\/uploads\/2026\/04\/81ngzVJfYLL._SL1500_-1024x1024.jpg 1024w, https:\/\/curatedpicks.shop\/wp-content\/uploads\/2026\/04\/81ngzVJfYLL._SL1500_-150x150.jpg 150w, https:\/\/curatedpicks.shop\/wp-content\/uploads\/2026\/04\/81ngzVJfYLL._SL1500_-768x768.jpg 768w, https:\/\/curatedpicks.shop\/wp-content\/uploads\/2026\/04\/81ngzVJfYLL._SL1500_-12x12.jpg 12w, https:\/\/curatedpicks.shop\/wp-content\/uploads\/2026\/04\/81ngzVJfYLL._SL1500_-600x600.jpg 600w, https:\/\/curatedpicks.shop\/wp-content\/uploads\/2026\/04\/81ngzVJfYLL._SL1500_-100x100.jpg 100w, https:\/\/curatedpicks.shop\/wp-content\/uploads\/2026\/04\/81ngzVJfYLL._SL1500_-50x50.jpg 50w, https:\/\/curatedpicks.shop\/wp-content\/uploads\/2026\/04\/81ngzVJfYLL._SL1500_-1x1.jpg 1w, https:\/\/curatedpicks.shop\/wp-content\/uploads\/2026\/04\/81ngzVJfYLL._SL1500_-10x10.jpg 10w\" sizes=\"auto, (max-width: 1500px) 100vw, 1500px\" \/><\/figure><div class=\"elementor-image-box-content\"><h3 class=\"elementor-image-box-title\">Textura suave y masticable<\/h3><p class=\"elementor-image-box-description\">Nuestras gomitas tienen la textura ideal: firmes por fuera, suaves por dentro, con un masticado agradable que no es duro ni pegajoso. Perfectas para disfrutar en cualquier momento del d\u00eda.Fabricadas con ingredientes cuidadosamente seleccionados, nuestras gomitas son libres de grasas trans y conservantes artificiales. Un dulce que puedes disfrutar con tranquilidad.<\/p><\/div><\/div>\t\t\t\t<\/div>\n\t\t\t\t<\/div>\n\t\t\t\t\t<\/div>\n\t\t\t\t<\/div>\n\t\t<div class=\"elementor-element elementor-element-46554d81 e-flex e-con-boxed e-con e-parent\" data-id=\"46554d81\" data-element_type=\"container\" data-settings=\"{&quot;ekit_has_onepagescroll_dot&quot;:&quot;yes&quot;}\">\n\t\t\t\t\t<div class=\"e-con-inner\">\n\t\t\t\t<div class=\"elementor-element elementor-element-1a130735 elementor-widget elementor-widget-image\" data-id=\"1a130735\" data-element_type=\"widget\" data-settings=\"{&quot;ekit_we_effect_on&quot;:&quot;none&quot;}\" data-widget_type=\"image.default\">\n\t\t\t\t<div class=\"elementor-widget-container\">\n\t\t\t\t\t\t\t\t\t\t\t\t\t\t\t<img loading=\"lazy\" decoding=\"async\" width=\"1500\" height=\"1500\" src=\"https:\/\/curatedpicks.shop\/wp-content\/uploads\/2026\/04\/81FFJ1iungL._SL1500_-1.jpg\" class=\"attachment-full size-full wp-image-13853 wvs-archive-product-image\" alt=\"\" srcset=\"https:\/\/curatedpicks.shop\/wp-content\/uploads\/2026\/04\/81FFJ1iungL._SL1500_-1.jpg 1500w, https:\/\/curatedpicks.shop\/wp-content\/uploads\/2026\/04\/81FFJ1iungL._SL1500_-1-300x300.jpg 300w, https:\/\/curatedpicks.shop\/wp-content\/uploads\/2026\/04\/81FFJ1iungL._SL1500_-1-1024x1024.jpg 1024w, https:\/\/curatedpicks.shop\/wp-content\/uploads\/2026\/04\/81FFJ1iungL._SL1500_-1-150x150.jpg 150w, https:\/\/curatedpicks.shop\/wp-content\/uploads\/2026\/04\/81FFJ1iungL._SL1500_-1-768x768.jpg 768w, https:\/\/curatedpicks.shop\/wp-content\/uploads\/2026\/04\/81FFJ1iungL._SL1500_-1-12x12.jpg 12w, https:\/\/curatedpicks.shop\/wp-content\/uploads\/2026\/04\/81FFJ1iungL._SL1500_-1-600x600.jpg 600w, https:\/\/curatedpicks.shop\/wp-content\/uploads\/2026\/04\/81FFJ1iungL._SL1500_-1-100x100.jpg 100w, https:\/\/curatedpicks.shop\/wp-content\/uploads\/2026\/04\/81FFJ1iungL._SL1500_-1-50x50.jpg 50w, https:\/\/curatedpicks.shop\/wp-content\/uploads\/2026\/04\/81FFJ1iungL._SL1500_-1-1x1.jpg 1w, https:\/\/curatedpicks.shop\/wp-content\/uploads\/2026\/04\/81FFJ1iungL._SL1500_-1-10x10.jpg 10w\" sizes=\"auto, (max-width: 1500px) 100vw, 1500px\" \/>\t\t\t\t\t\t\t\t\t\t\t\t\t\t\t<\/div>\n\t\t\t\t<\/div>\n\t\t\t\t<div class=\"elementor-element elementor-element-18dab173 elementor-widget elementor-widget-image\" data-id=\"18dab173\" data-element_type=\"widget\" data-settings=\"{&quot;ekit_we_effect_on&quot;:&quot;none&quot;}\" data-widget_type=\"image.default\">\n\t\t\t\t<div class=\"elementor-widget-container\">\n\t\t\t\t\t\t\t\t\t\t\t\t\t\t\t<img loading=\"lazy\" decoding=\"async\" width=\"1500\" height=\"1500\" src=\"https:\/\/curatedpicks.shop\/wp-content\/uploads\/2026\/04\/71dCHAvpR9L._SL1500_-1.jpg\" class=\"attachment-full size-full wp-image-13854 wvs-archive-product-image\" alt=\"\" srcset=\"https:\/\/curatedpicks.shop\/wp-content\/uploads\/2026\/04\/71dCHAvpR9L._SL1500_-1.jpg 1500w, https:\/\/curatedpicks.shop\/wp-content\/uploads\/2026\/04\/71dCHAvpR9L._SL1500_-1-300x300.jpg 300w, https:\/\/curatedpicks.shop\/wp-content\/uploads\/2026\/04\/71dCHAvpR9L._SL1500_-1-1024x1024.jpg 1024w, https:\/\/curatedpicks.shop\/wp-content\/uploads\/2026\/04\/71dCHAvpR9L._SL1500_-1-150x150.jpg 150w, https:\/\/curatedpicks.shop\/wp-content\/uploads\/2026\/04\/71dCHAvpR9L._SL1500_-1-768x768.jpg 768w, https:\/\/curatedpicks.shop\/wp-content\/uploads\/2026\/04\/71dCHAvpR9L._SL1500_-1-12x12.jpg 12w, https:\/\/curatedpicks.shop\/wp-content\/uploads\/2026\/04\/71dCHAvpR9L._SL1500_-1-600x600.jpg 600w, https:\/\/curatedpicks.shop\/wp-content\/uploads\/2026\/04\/71dCHAvpR9L._SL1500_-1-100x100.jpg 100w, https:\/\/curatedpicks.shop\/wp-content\/uploads\/2026\/04\/71dCHAvpR9L._SL1500_-1-50x50.jpg 50w, https:\/\/curatedpicks.shop\/wp-content\/uploads\/2026\/04\/71dCHAvpR9L._SL1500_-1-1x1.jpg 1w, https:\/\/curatedpicks.shop\/wp-content\/uploads\/2026\/04\/71dCHAvpR9L._SL1500_-1-10x10.jpg 10w\" sizes=\"auto, (max-width: 1500px) 100vw, 1500px\" \/>\t\t\t\t\t\t\t\t\t\t\t\t\t\t\t<\/div>\n\t\t\t\t<\/div>\n\t\t\t\t<div class=\"elementor-element elementor-element-68aa08ec elementor-widget elementor-widget-image\" data-id=\"68aa08ec\" data-element_type=\"widget\" data-settings=\"{&quot;ekit_we_effect_on&quot;:&quot;none&quot;}\" data-widget_type=\"image.default\">\n\t\t\t\t<div class=\"elementor-widget-container\">\n\t\t\t\t\t\t\t\t\t\t\t\t\t\t\t<img loading=\"lazy\" decoding=\"async\" width=\"416\" height=\"416\" src=\"https:\/\/curatedpicks.shop\/wp-content\/uploads\/2026\/04\/5-7.webp\" class=\"attachment-full size-full wp-image-13855 wvs-archive-product-image\" alt=\"\" srcset=\"https:\/\/curatedpicks.shop\/wp-content\/uploads\/2026\/04\/5-7.webp 416w, https:\/\/curatedpicks.shop\/wp-content\/uploads\/2026\/04\/5-7-300x300.webp 300w, https:\/\/curatedpicks.shop\/wp-content\/uploads\/2026\/04\/5-7-150x150.webp 150w, https:\/\/curatedpicks.shop\/wp-content\/uploads\/2026\/04\/5-7-12x12.webp 12w, https:\/\/curatedpicks.shop\/wp-content\/uploads\/2026\/04\/5-7-100x100.webp 100w, https:\/\/curatedpicks.shop\/wp-content\/uploads\/2026\/04\/5-7-50x50.webp 50w, https:\/\/curatedpicks.shop\/wp-content\/uploads\/2026\/04\/5-7-1x1.webp 1w, https:\/\/curatedpicks.shop\/wp-content\/uploads\/2026\/04\/5-7-10x10.webp 10w\" sizes=\"auto, (max-width: 416px) 100vw, 416px\" \/>\t\t\t\t\t\t\t\t\t\t\t\t\t\t\t<\/div>\n\t\t\t\t<\/div>\n\t\t\t\t<div class=\"elementor-element elementor-element-2e7649b2 elementor-widget elementor-widget-image\" data-id=\"2e7649b2\" data-element_type=\"widget\" data-settings=\"{&quot;ekit_we_effect_on&quot;:&quot;none&quot;}\" data-widget_type=\"image.default\">\n\t\t\t\t<div class=\"elementor-widget-container\">\n\t\t\t\t\t\t\t\t\t\t\t\t\t\t\t<img loading=\"lazy\" decoding=\"async\" width=\"1500\" height=\"1500\" src=\"https:\/\/curatedpicks.shop\/wp-content\/uploads\/2026\/04\/81pA3m5GkjL._SL1500_.jpg\" class=\"attachment-full size-full wp-image-13856 wvs-archive-product-image\" alt=\"\" srcset=\"https:\/\/curatedpicks.shop\/wp-content\/uploads\/2026\/04\/81pA3m5GkjL._SL1500_.jpg 1500w, https:\/\/curatedpicks.shop\/wp-content\/uploads\/2026\/04\/81pA3m5GkjL._SL1500_-300x300.jpg 300w, https:\/\/curatedpicks.shop\/wp-content\/uploads\/2026\/04\/81pA3m5GkjL._SL1500_-1024x1024.jpg 1024w, https:\/\/curatedpicks.shop\/wp-content\/uploads\/2026\/04\/81pA3m5GkjL._SL1500_-150x150.jpg 150w, https:\/\/curatedpicks.shop\/wp-content\/uploads\/2026\/04\/81pA3m5GkjL._SL1500_-768x768.jpg 768w, https:\/\/curatedpicks.shop\/wp-content\/uploads\/2026\/04\/81pA3m5GkjL._SL1500_-12x12.jpg 12w, https:\/\/curatedpicks.shop\/wp-content\/uploads\/2026\/04\/81pA3m5GkjL._SL1500_-600x600.jpg 600w, https:\/\/curatedpicks.shop\/wp-content\/uploads\/2026\/04\/81pA3m5GkjL._SL1500_-100x100.jpg 100w, https:\/\/curatedpicks.shop\/wp-content\/uploads\/2026\/04\/81pA3m5GkjL._SL1500_-50x50.jpg 50w, https:\/\/curatedpicks.shop\/wp-content\/uploads\/2026\/04\/81pA3m5GkjL._SL1500_-1x1.jpg 1w, https:\/\/curatedpicks.shop\/wp-content\/uploads\/2026\/04\/81pA3m5GkjL._SL1500_-10x10.jpg 10w\" sizes=\"auto, (max-width: 1500px) 100vw, 1500px\" \/>\t\t\t\t\t\t\t\t\t\t\t\t\t\t\t<\/div>\n\t\t\t\t<\/div>\n\t\t\t\t\t<\/div>\n\t\t\t\t<\/div>\n\t\t<div class=\"elementor-element elementor-element-ca44cc7 e-flex e-con-boxed e-con e-parent\" data-id=\"ca44cc7\" data-element_type=\"container\" data-settings=\"{&quot;ekit_has_onepagescroll_dot&quot;:&quot;yes&quot;}\">\n\t\t\t\t\t<div class=\"e-con-inner\">\n\t\t\t\t<div class=\"elementor-element elementor-element-49db7ae elementor-widget elementor-widget-text-editor\" data-id=\"49db7ae\" data-element_type=\"widget\" data-settings=\"{&quot;ekit_we_effect_on&quot;:&quot;none&quot;}\" data-widget_type=\"text-editor.default\">\n\t\t\t\t<div class=\"elementor-widget-container\">\n\t\t\t\t\t\t\t\t\t<div class=\"elementor-widget-container\">\n    # Features &#038; Specs\n\n    <div class=\"product-table\">\n        <div class=\"product-row\">\n            <div class=\"product-label\">Occasion<\/div>\n            <div class=\"product-value\">Birthday<\/div>\n        <\/div>\n        <div class=\"product-row\">\n            <div class=\"product-label\">Container Type<\/div>\n            <div class=\"product-value\">Bucket<\/div>\n        <\/div>\n        <div class=\"product-row\">\n            <div class=\"product-label\">Candy Consistency<\/div>\n            <div class=\"product-value\">Chewy<\/div>\n        <\/div>\n        <div class=\"product-row\">\n            <div class=\"product-label\">Sugar Candy Type<\/div>\n            <div class=\"product-value\">Soft candies<\/div>\n        <\/div>\n        <div class=\"product-row\">\n            <div class=\"product-label\">Age Range Description<\/div>\n            <div class=\"product-value\">Suitable for all ages<\/div>\n        <\/div>\n        <div class=\"product-row\">\n            <div class=\"product-label\">Recuento de unidades<\/div>\n            <div class=\"product-value\">3730.0 gramm<\/div>\n        <\/div>\n    <\/div>\n\n    <style>\n    .product-table {\n        width: 100%;\n        border-top: 1px solid #000;\n        font-family: Arial, sans-serif;\n    }\n\n    .product-row {\n        display: flex;\n        border-bottom: 1px solid #000;\n        padding: 12px 0;\n    }\n\n    .product-label {\n        flex: 1;\n        font-weight: bold;\n        min-width: 200px;\n        padding-right: 20px;\n    }\n\n    .product-value {\n        flex: 1;\n        min-width: 200px;\n    }\n    <\/style>\n<\/div>\t\t\t\t\t\t\t\t<\/div>\n\t\t\t\t<\/div>\n\t\t\t\t\t<\/div>\n\t\t\t\t<\/div>\n\t\t\t\t<\/div>","protected":false},"excerpt":{"rendered":"<h3>Product description<\/h3>\n<p>Have you always found it annoying to provide snacks for your parties? Open so many bags, present everything beautifully and in the end half remains and you have nothing to pack all the leftovers in. No more than this: Der Zuckerb\u00e4cker has put together and put together the best candy mix for your party &#8211; in a bucket.<\/p>\n<p>The colourful candy mix consists of both sweet fruit gums and sour, pack a few soft marshmallows and you have a mix in no time where everyone can find something that tastes to them. Throwing a party where everyone agrees with the snacks has never been so easy. Simply close the bucket again when the snacking is over. So the sweets stay fresh longer.<\/p>\n<p>The bucket is wonderful to accompany watching a football game with your friends with the right nerve food. We all know how nerve-wracking football games can be. Every football fan needs the right reinforcement.<\/p>","protected":false},"featured_media":13843,"comment_status":"open","ping_status":"closed","template":"","meta":{"_acf_changed":false},"etheme_brands":[],"product_brand":[],"product_cat":[118],"product_tag":[],"class_list":{"0":"post-13842","1":"product","2":"type-product","3":"status-publish","4":"has-post-thumbnail","6":"product_cat-sale-shop","8":"first","9":"instock","10":"sale","11":"shipping-taxable","12":"purchasable","13":"product-type-simple"},"acf":[],"_links":{"self":[{"href":"https:\/\/curatedpicks.shop\/es\/wp-json\/wp\/v2\/product\/13842","targetHints":{"allow":["GET"]}}],"collection":[{"href":"https:\/\/curatedpicks.shop\/es\/wp-json\/wp\/v2\/product"}],"about":[{"href":"https:\/\/curatedpicks.shop\/es\/wp-json\/wp\/v2\/types\/product"}],"replies":[{"embeddable":true,"href":"https:\/\/curatedpicks.shop\/es\/wp-json\/wp\/v2\/comments?post=13842"}],"version-history":[{"count":4,"href":"https:\/\/curatedpicks.shop\/es\/wp-json\/wp\/v2\/product\/13842\/revisions"}],"predecessor-version":[{"id":13864,"href":"https:\/\/curatedpicks.shop\/es\/wp-json\/wp\/v2\/product\/13842\/revisions\/13864"}],"wp:featuredmedia":[{"embeddable":true,"href":"https:\/\/curatedpicks.shop\/es\/wp-json\/wp\/v2\/media\/13843"}],"wp:attachment":[{"href":"https:\/\/curatedpicks.shop\/es\/wp-json\/wp\/v2\/media?parent=13842"}],"wp:term":[{"taxonomy":"brand","embeddable":true,"href":"https:\/\/curatedpicks.shop\/es\/wp-json\/wp\/v2\/etheme_brands?post=13842"},{"taxonomy":"product_brand","embeddable":true,"href":"https:\/\/curatedpicks.shop\/es\/wp-json\/wp\/v2\/product_brand?post=13842"},{"taxonomy":"product_cat","embeddable":true,"href":"https:\/\/curatedpicks.shop\/es\/wp-json\/wp\/v2\/product_cat?post=13842"},{"taxonomy":"product_tag","embeddable":true,"href":"https:\/\/curatedpicks.shop\/es\/wp-json\/wp\/v2\/product_tag?post=13842"}],"curies":[{"name":"wp","href":"https:\/\/api.w.org\/{rel}","templated":true}]}}